{"id":264,"date":"2021-12-16T00:02:00","date_gmt":"2021-12-16T00:02:00","guid":{"rendered":"https:\/\/impreza29.us-themes.com\/?page_id=264"},"modified":"2022-12-15T15:13:00","modified_gmt":"2022-12-15T15:13:00","slug":"empresa","status":"publish","type":"page","link":"https:\/\/manobramaximarent.com\/en\/empresa\/","title":{"rendered":"About Us"},"content":{"rendered":"<section class=\"l-section wpb_row height_medium\"><div class=\"l-section-h i-cf\"><div class=\"g-cols vc_row via_flex valign_middle type_default stacking_default\"><div class=\"vc_col-sm-12 wpb_column vc_column_container\"><div class=\"vc_column-inner\"><div class=\"wpb_wrapper\"><h1 class=\"w-text us_custom_eb849559\"><span class=\"w-text-h\"><span class=\"w-text-value\">About Us<\/span><\/span><\/h1><\/div><\/div><\/div><\/div><\/div><\/section><section class=\"l-section wpb_row us_custom_278d8c57 height_medium\"><div class=\"l-section-h i-cf\"><div class=\"g-cols vc_row via_flex valign_top type_default stacking_default\"><div class=\"vc_col-sm-4 wpb_column vc_column_container has_bg_color\"><div class=\"vc_column-inner us_custom_15923763\"><div class=\"wpb_wrapper\"><div class=\"w-iconbox iconpos_top style_circle color_primary align_left\"><div class=\"w-iconbox-icon\" style=\"font-size:2rem;\"><i class=\"far fa-hands-helping\"><\/i><\/div><div class=\"w-iconbox-meta\"><h4 class=\"w-iconbox-title\">Trust and Transparency<\/h4><div class=\"w-iconbox-text\"><p>We have been in the market for over 12 years and we work with total transparency, this is what creates trust with our customers.<\/p>\n<\/div><\/div><\/div><div class=\"w-separator size_small\"><\/div><\/div><\/div><\/div><div class=\"vc_col-sm-4 wpb_column vc_column_container has_bg_color\"><div class=\"vc_column-inner us_custom_15923763\"><div class=\"wpb_wrapper\"><div class=\"w-iconbox iconpos_top style_circle color_primary align_left\"><div class=\"w-iconbox-icon\" style=\"font-size:2rem;\"><i class=\"far fa-map-marked-alt\"><\/i><\/div><div class=\"w-iconbox-meta\"><h4 class=\"w-iconbox-title\">Local Knowledge<\/h4><div class=\"w-iconbox-text\"><p>If you need help getting to know the area, we will be happy to help advise on the best places to visit.<\/p>\n<\/div><\/div><\/div><div class=\"w-separator size_small\"><\/div><\/div><\/div><\/div><div class=\"vc_col-sm-4 wpb_column vc_column_container has_bg_color\"><div class=\"vc_column-inner us_custom_15923763\"><div class=\"wpb_wrapper\"><div class=\"w-iconbox iconpos_top style_circle color_primary align_left\"><div class=\"w-iconbox-icon\" style=\"font-size:2rem;\"><i class=\"far fa-snowflake\"><\/i><\/div><div class=\"w-iconbox-meta\"><h4 class=\"w-iconbox-title\">Fresh Summer<\/h4><div class=\"w-iconbox-text\"><p>Traveling in the summer can be refreshing, as all our vehicles are air-conditioned for smooth journeys.<\/p>\n<\/div><\/div><\/div><div class=\"w-separator size_small\"><\/div><\/div><\/div><\/div><div class=\"vc_col-sm-4 wpb_column vc_column_container has_bg_color\"><div class=\"vc_column-inner us_custom_15923763\"><div class=\"wpb_wrapper\"><div class=\"w-iconbox iconpos_top style_circle color_primary align_left\"><div class=\"w-iconbox-icon\" style=\"font-size:2rem;\"><i class=\"far fa-parking\"><\/i><\/div><div class=\"w-iconbox-meta\"><h4 class=\"w-iconbox-title\">Parking and Tolls<\/h4><div class=\"w-iconbox-text\"><p>Travel with peace of mind using Via Verde, in this way it facilitates the payment of porticos and paid parking spaces.<\/p>\n<\/div><\/div><\/div><\/div><\/div><\/div><div class=\"vc_col-sm-4 wpb_column vc_column_container has_bg_color\"><div class=\"vc_column-inner us_custom_15923763\"><div class=\"wpb_wrapper\"><div class=\"w-iconbox iconpos_top style_circle color_primary align_left\"><div class=\"w-iconbox-icon\" style=\"font-size:2rem;\"><i class=\"far fa-baby\"><\/i><\/div><div class=\"w-iconbox-meta\"><h4 class=\"w-iconbox-title\">Do you have babies or children?<\/h4><div class=\"w-iconbox-text\"><p>We have chairs to be able to take your children with you, safely and complying with legal parameters.<\/p>\n<\/div><\/div><\/div><\/div><\/div><\/div><div class=\"vc_col-sm-4 wpb_column vc_column_container has_bg_color\"><div class=\"vc_column-inner us_custom_716ed439\"><div class=\"wpb_wrapper\"><h5 class=\"w-text us_custom_9ad16fb4 has_text_color\"><span class=\"w-text-h\"><span class=\"w-text-value\">Additional Services<\/span><\/span><\/h5><h2 class=\"w-text us_custom_9ad16fb4 has_text_color\"><span class=\"w-text-h\"><span class=\"w-text-value\">Talk to us<\/span><\/span><\/h2><div class=\"wpb_text_column us_custom_9ad16fb4 has_text_color\"><div class=\"wpb_wrapper\"><p>Temos parcerias e conhecimentos locais para um apoio total \u00e0 sua estadia, fale connosco.<\/p>\n<\/div><\/div><\/div><\/div><\/div><\/div><\/div><\/section><section class=\"l-section wpb_row height_small\" id=\"services\"><div class=\"l-section-h i-cf\"><div class=\"g-cols vc_row via_flex valign_top type_default stacking_default\"><div class=\"vc_col-sm-2\/5 wpb_column vc_column_container\"><div class=\"vc_column-inner us_custom_a75036ab\"><div class=\"wpb_wrapper\"><h5 class=\"w-text us_custom_74e066d2 has_text_color\"><span class=\"w-text-h\"><span class=\"w-text-value\">Car Rental<\/span><\/span><\/h5><h1 class=\"w-text\"><span class=\"w-text-h\"><span class=\"w-text-value\">How it works?<\/span><\/span><\/h1><div class=\"w-separator size_medium\"><\/div><\/div><\/div><\/div><div class=\"vc_col-sm-3\/5 wpb_column vc_column_container\"><div class=\"vc_column-inner\"><div class=\"wpb_wrapper\"><div class=\"w-separator size_small\"><\/div><div class=\"w-iconbox us_custom_60e9caca us_animate_this iconpos_left style_default color_custom align_left\"><div class=\"w-iconbox-icon\" style=\"font-size:3rem;color:var(--color-content-heading);\"><i class=\"far fa-cars\"><\/i><\/div><div class=\"w-iconbox-meta\"><h3 class=\"w-iconbox-title\">Find the perfect car for you<\/h3><div class=\"w-iconbox-text\"><p>Among dozens of vehicles and several options, you can choose the one that best suits what you want.<\/p>\n<\/div><\/div><\/div><div class=\"w-separator us_custom_a518f36e us_animate_this size_medium with_line width_default thick_1 style_solid color_border align_center\"><div class=\"w-separator-h\"><\/div><\/div><div class=\"w-iconbox us_custom_b6355cd2 us_animate_this iconpos_left style_default color_custom align_left\"><div class=\"w-iconbox-icon\" style=\"font-size:3rem;color:var(--color-content-heading);\"><i class=\"far fa-map-signs\"><\/i><\/div><div class=\"w-iconbox-meta\"><h3 class=\"w-iconbox-title\">Know where you're going<\/h3><div class=\"w-iconbox-text\"><p>We suggest that you always inform yourself beforehand about places to visit and plan your trip, but you can also ask our team for help.<\/p>\n<\/div><\/div><\/div><div class=\"w-separator us_custom_827417b1 us_animate_this size_medium with_line width_default thick_1 style_solid color_border align_center\"><div class=\"w-separator-h\"><\/div><\/div><div class=\"w-iconbox us_custom_ca547909 us_animate_this iconpos_left style_default color_custom align_left\"><div class=\"w-iconbox-icon\" style=\"font-size:3rem;color:var(--color-content-heading);\"><i class=\"far fa-road\"><\/i><\/div><div class=\"w-iconbox-meta\"><h3 class=\"w-iconbox-title\">Travel with 0% deductible insurance<\/h3><div class=\"w-iconbox-text\"><div class=\"seo-pages-yhodm0-ContentBox ep71zsp0\">\n<div class=\"seo-pages-12pj4w9-Container e1u7lfr20\">\n<div class=\"seo-pages-1un36lj-TwoColumnsContainer e11tj4gh1\">\n<div class=\"seo-pages-bfe86e-Column e11tj4gh0\">\n<div class=\"seo-pages-1ct3omt-FlexItem e1yzgbpt0\">\n<div class=\"seo-pages-kk573y-ContentBox ep71zsp0\">\n<div class=\"seo-pages-wzt3co-ListItemContent e1r0p4uz0\">\n<div class=\"seo-pages-1yb67w3-FlexItem e1yzgbpt0\">\n<p class=\"seo-pages-mf85sw-StyledText\">Do you want to be completely relaxed? Just take out insurance with a 0% deductible and go on your way, without worrying about anything else.<\/p>\n<\/div>\n<\/div>\n<\/div>\n<\/div>\n<\/div>\n<\/div>\n<\/div>\n<\/div>\n<div class=\"seo-pages-16euxs9-ContentBox ep71zsp0\"><\/div>\n<\/div><\/div><\/div><\/div><\/div><\/div><\/div><\/div><\/section><section class=\"l-section wpb_row us_custom_278d8c57 height_small\"><div class=\"l-section-h i-cf\"><div class=\"g-cols vc_row via_flex valign_top type_default stacking_default\"><div class=\"vc_col-sm-2\/5 wpb_column vc_column_container has_bg_color\"><div class=\"vc_column-inner us_custom_42418d42\"><div class=\"wpb_wrapper\"><h5 class=\"w-text us_custom_9ad16fb4 has_text_color\"><span class=\"w-text-h\"><span class=\"w-text-value\">Who Are<\/span><\/span><\/h5><h2 class=\"w-text us_custom_9ad16fb4 has_text_color\"><span class=\"w-text-h\"><span class=\"w-text-value\">We<\/span><\/span><\/h2><div class=\"wpb_text_column us_custom_9ad16fb4 has_text_color\"><div class=\"wpb_wrapper\"><p>We have been established in the automotive market for over 12 years with the main function of serving our customers well. We started out in the field of buying and selling used cars and have always focused on a differentiated after-sales service suited to each of our customers.<\/p>\n<p>All our vehicles are national.<\/p>\n<\/div><\/div><\/div><\/div><\/div><div class=\"vc_col-sm-3\/5 wpb_column vc_column_container\"><div class=\"vc_column-inner\"><div class=\"wpb_wrapper\"><div class=\"w-image us_custom_dfdeb34f has_ratio align_none\"><div class=\"w-image-h\"><div style=\"padding-bottom:56.25%\"><\/div><img loading=\"lazy\" decoding=\"async\" width=\"1024\" height=\"767\" src=\"https:\/\/manobramaximarent.com\/wp-content\/uploads\/2022\/07\/Manobra-Maxima-14390.jpg\" class=\"attachment-large size-large\" alt=\"\" srcset=\"https:\/\/manobramaximarent.com\/wp-content\/uploads\/2022\/07\/Manobra-Maxima-14390.jpg 1024w, https:\/\/manobramaximarent.com\/wp-content\/uploads\/2022\/07\/Manobra-Maxima-14390-300x225.jpg 300w, https:\/\/manobramaximarent.com\/wp-content\/uploads\/2022\/07\/Manobra-Maxima-14390-600x449.jpg 600w\" sizes=\"auto, (max-width: 1024px) 100vw, 1024px\" \/><\/div><\/div><div class=\"w-separator size_small\"><\/div><h4 class=\"w-text\"><span class=\"w-text-h\"><span class=\"w-text-value\">Services<\/span><\/span><\/h4><div class=\"wpb_text_column\"><div class=\"wpb_wrapper\"><p>In addition to buying and selling cars, we have other services such as:<\/p>\n<ul>\n<li>Car warranties<\/li>\n<li>Auto insurance and others<\/li>\n<li>Rent-a-car &amp; car rental<\/li>\n<li>Financing<\/li>\n<li>Leasing<\/li>\n<\/ul>\n<\/div><\/div><div class=\"w-separator size_small\"><\/div><\/div><\/div><\/div><\/div><\/div><\/section><section class=\"l-section wpb_row height_small\"><div class=\"l-section-h i-cf\"><div class=\"g-cols vc_row via_flex valign_top type_default stacking_default\"><div class=\"vc_col-sm-12 wpb_column vc_column_container\"><div class=\"vc_column-inner\"><div class=\"wpb_wrapper\"><h2 class=\"w-text us_custom_eb849559\"><span class=\"w-text-h\"><span class=\"w-text-value\">FAQ<\/span><\/span><\/h2><div class=\"w-separator size_medium\"><\/div><div class=\"w-tabs style_default switch_click accordion has_scrolling\" style=\"--sections-title-size:22px\"><div class=\"w-tabs-sections titles-align_none icon_chevron cpos_right\"><div class=\"w-tabs-section\" id=\"tf31\"><button aria-controls=\"content-tf31\" class=\"w-tabs-section-header\"><h5 class=\"w-tabs-section-title\">Can the vehicle I rent be driven by someone other than me?<\/h5><div class=\"w-tabs-section-control\"><\/div><\/button><div  class=\"w-tabs-section-content\" id=\"content-tf31\" aria-expanded=\"false\"><div class=\"w-tabs-section-content-h i-cf\"><div class=\"wpb_text_column\"><div class=\"wpb_wrapper\"><p class=\" translation-block\">Yup. At the time of picking up the vehicle or later, you can have a maximum of 2 additional drivers. Each person's documentation must be presented (Identity Card\/Citizen Card, Driving License).<br>\nThis contracted Service will have an additional cost.<\/p>\n<\/div><\/div><\/div><\/div><\/div><div class=\"w-tabs-section\" id=\"n12f\"><button aria-controls=\"content-n12f\" class=\"w-tabs-section-header\"><h5 class=\"w-tabs-section-title\">What should I do if I have a breakdown\/problem with the vehicle?<\/h5><div class=\"w-tabs-section-control\"><\/div><\/button><div  class=\"w-tabs-section-content\" id=\"content-n12f\" aria-expanded=\"false\"><div class=\"w-tabs-section-content-h i-cf\"><div class=\"wpb_text_column\"><div class=\"wpb_wrapper\"><p>You should contact our Reservations Center (+351 289 516 860) and\/or Travel Assistance (+351 968 369 768).<\/p>\n<\/div><\/div><\/div><\/div><\/div><div class=\"w-tabs-section\" id=\"f270\"><button aria-controls=\"content-f270\" class=\"w-tabs-section-header\"><h5 class=\"w-tabs-section-title\">How should I proceed in case of an accident?<\/h5><div class=\"w-tabs-section-control\"><\/div><\/button><div  class=\"w-tabs-section-content\" id=\"content-f270\" aria-expanded=\"false\"><div class=\"w-tabs-section-content-h i-cf\"><div class=\"wpb_text_column\"><div class=\"wpb_wrapper\"><p>You should always call the authorities. You must report to Manobra M\u00e1xima and deliver to the office all documentation related to the accident (Auto de Occurrence), as soon as possible.<\/p>\n<\/div><\/div><\/div><\/div><\/div><div class=\"w-tabs-section\" id=\"g3f2\"><button aria-controls=\"content-g3f2\" class=\"w-tabs-section-header\"><h5 class=\"w-tabs-section-title\">Can I choose the car model or have the confirmation of the vehicle I want?<\/h5><div class=\"w-tabs-section-control\"><\/div><\/button><div  class=\"w-tabs-section-content\" id=\"content-g3f2\" aria-expanded=\"false\"><div class=\"w-tabs-section-content-h i-cf\"><div class=\"wpb_text_column\"><div class=\"wpb_wrapper\"><p>We only carry out confirmations in relation to the Vehicle Group. Manobra M\u00e1xima only guarantees the reserved Group and not the model.<\/p>\n<\/div><\/div><\/div><\/div><\/div><div class=\"w-tabs-section\" id=\"o602\"><button aria-controls=\"content-o602\" class=\"w-tabs-section-header\"><h5 class=\"w-tabs-section-title\">What's included in the price?<\/h5><div class=\"w-tabs-section-control\"><\/div><\/button><div  class=\"w-tabs-section-content\" id=\"content-o602\" aria-expanded=\"false\"><div class=\"w-tabs-section-content-h i-cf\"><div class=\"wpb_text_column\"><div class=\"wpb_wrapper\"><p>Values shown include:<\/p>\n<ul>\n<li>VAT (at the current rate)<\/li>\n<li>Liability insurance<\/li>\n<li>CDW insurance (with deductible liability)<\/li>\n<li>24H assistance<\/li>\n<\/ul>\n<\/div><\/div><\/div><\/div><\/div><div class=\"w-tabs-section\" id=\"a7af\"><button aria-controls=\"content-a7af\" class=\"w-tabs-section-header\"><h5 class=\"w-tabs-section-title\">Is there a minimum age limit for drivers?<\/h5><div class=\"w-tabs-section-control\"><\/div><\/button><div  class=\"w-tabs-section-content\" id=\"content-a7af\" aria-expanded=\"false\"><div class=\"w-tabs-section-content-h i-cf\"><div class=\"wpb_text_column\"><div class=\"wpb_wrapper\"><p class=\" translation-block\">The minimum age for the driver and additional drivers is 23 years old.<br>\nDrivers must have a valid driving license for at least 2 years.<\/p>\n<\/div><\/div><\/div><\/div><\/div><div class=\"w-tabs-section\" id=\"y9ab\"><button aria-controls=\"content-y9ab\" class=\"w-tabs-section-header\"><h5 class=\"w-tabs-section-title\">Are there any kilometer limits on rentals?<\/h5><div class=\"w-tabs-section-control\"><\/div><\/button><div  class=\"w-tabs-section-content\" id=\"content-y9ab\" aria-expanded=\"false\"><div class=\"w-tabs-section-content-h i-cf\"><div class=\"wpb_text_column\"><div class=\"wpb_wrapper\"><div class=\"et_pb_toggle et_pb_module et_pb_accordion_item et_pb_accordion_item_6 et_pb_toggle_open\">\n<div class=\"et_pb_toggle_content clearfix\">\n<p>Not. Except for Commercial Cars with a daily limit of 650 Kms<\/p>\n<\/div>\n<\/div>\n<\/div><\/div><\/div><\/div><\/div><div class=\"w-tabs-section\" id=\"ac1b\"><button aria-controls=\"content-ac1b\" class=\"w-tabs-section-header\"><h5 class=\"w-tabs-section-title\">What payment methods are accepted by Manobra M\u00e1xima?<\/h5><div class=\"w-tabs-section-control\"><\/div><\/button><div  class=\"w-tabs-section-content\" id=\"content-ac1b\" aria-expanded=\"false\"><div class=\"w-tabs-section-content-h i-cf\"><div class=\"wpb_text_column\"><div class=\"wpb_wrapper\"><p>Online, accepted methods are:<\/p>\n<ul>\n<li>Credit Card (MasterCard or Visa)<\/li>\n<li>Multibanco (Portugal only)<\/li>\n<li>MBWay (Portugal only)<\/li>\n<\/ul>\n<p>In person, accepted methods are:<\/p>\n<ul>\n<li>Credit Card (MasterCard or Visa)<\/li>\n<li>Debit Cards<\/li>\n<li>Cash (up to a legal maximum of \u20ac3,000)<\/li>\n<\/ul>\n<\/div><\/div><\/div><\/div><\/div><div class=\"w-tabs-section\" id=\"re17\"><button aria-controls=\"content-re17\" class=\"w-tabs-section-header\"><h5 class=\"w-tabs-section-title\">What identification documents do I need to present at the Manobra M\u00e1xima counter when picking up the car?<\/h5><div class=\"w-tabs-section-control\"><\/div><\/button><div  class=\"w-tabs-section-content\" id=\"content-re17\" aria-expanded=\"false\"><div class=\"w-tabs-section-content-h i-cf\"><div class=\"wpb_text_column\"><div class=\"wpb_wrapper\"><ol>\n<li>Driving license, issued more than two years ago and valid in the EC;<\/li>\n<li>Identification Document: Passport, or Identity Card\/Citizen Card;<\/li>\n<li>Valid Credit Card;<\/li>\n<li>Taxpayer Card (for national residents);<\/li>\n<li>Proof of address (for national residents).<\/li>\n<\/ol>\n<\/div><\/div><\/div><\/div><\/div><div class=\"w-tabs-section\" id=\"o001\"><button aria-controls=\"content-o001\" class=\"w-tabs-section-header\"><h5 class=\"w-tabs-section-title\">Can I extend the duration of the rental?<\/h5><div class=\"w-tabs-section-control\"><\/div><\/button><div  class=\"w-tabs-section-content\" id=\"content-o001\" aria-expanded=\"false\"><div class=\"w-tabs-section-content-h i-cf\"><div class=\"wpb_text_column\"><div class=\"wpb_wrapper\"><p>Yes, it is possible to extend the duration of the rental. You must go to the Manobra M\u00e1xima office in advance. The extension is subject to vehicle availability and additional payment.<\/p>\n<\/div><\/div><\/div><\/div><\/div><div class=\"w-tabs-section\" id=\"c1b4\"><button aria-controls=\"content-c1b4\" class=\"w-tabs-section-header\"><h5 class=\"w-tabs-section-title\">Parking Fines, Tolls, Ex-Scuts and other Highway Code Violations<\/h5><div class=\"w-tabs-section-control\"><\/div><\/button><div  class=\"w-tabs-section-content\" id=\"content-c1b4\" aria-expanded=\"false\"><div class=\"w-tabs-section-content-h i-cf\"><div class=\"wpb_text_column\"><div class=\"wpb_wrapper\"><p>Parking fines and any violation of the Highway Code are the responsibility of the customer, who must settle them before returning the vehicle. Fines received by Manobra M\u00e1xima after the end of the rental, the contract holder is identified with the competent authorities. Likewise, all values associated with tolls, SCUT's, parking or other similar events incurred during the rental are the responsibility of the driver.<\/p>\n<\/div><\/div><\/div><\/div><\/div><div class=\"w-tabs-section\" id=\"h38d\"><button aria-controls=\"content-h38d\" class=\"w-tabs-section-header\"><h5 class=\"w-tabs-section-title\">How to find the representative of Manobra M\u00e1xima at the Airport?<\/h5><div class=\"w-tabs-section-control\"><\/div><\/button><div  class=\"w-tabs-section-content\" id=\"content-h38d\" aria-expanded=\"false\"><div class=\"w-tabs-section-content-h i-cf\"><div class=\"wpb_text_column\"><div class=\"wpb_wrapper\"><p>The representative of Manobra M\u00e1xima will be identified, waiting for you at the arrivals, with a sign with your name.<\/p>\n<\/div><\/div><\/div><\/div><\/div><div class=\"w-tabs-section\" id=\"g56d\"><button aria-controls=\"content-g56d\" class=\"w-tabs-section-header\"><h5 class=\"w-tabs-section-title\">Can I drive the Manobra M\u00e1xima car in Spain or other European countries?<\/h5><div class=\"w-tabs-section-control\"><\/div><\/button><div  class=\"w-tabs-section-content\" id=\"content-g56d\" aria-expanded=\"false\"><div class=\"w-tabs-section-content-h i-cf\"><div class=\"wpb_text_column\"><div class=\"wpb_wrapper\"><p>It is possible to leave the country (Spain) only with the prior authorization of Maximum Maneuver and upon payment of an Additional Fee. It cannot circulate in any other country.<\/p>\n<\/div><\/div><\/div><\/div><\/div><\/div><\/div><\/div><\/div><\/div><\/div><\/div><\/section>","protected":false},"excerpt":{"rendered":"Sobre N\u00f3sConfian\u00e7a e Transpar\u00eanciaEstamos no mercado h\u00e1 mais de 12 anos e trabalhamos com total transpar\u00eancia, \u00e9 isso que cria confian\u00e7a junto dos nossos clientes. Conhecimento LocalSe precisar de ajuda para conhecer a zona, teremos todo o gosto em ajudar no aconselhamento dos melhores s\u00edtios para visitar. Ver\u00e3o FresquinhoViajar no ver\u00e3o pode ser refrescante, pois...","protected":false},"author":2,"featured_media":0,"parent":0,"menu_order":0,"comment_status":"closed","ping_status":"closed","template":"","meta":{"footnotes":""},"class_list":["post-264","page","type-page","status-publish","hentry"],"acf":[],"_links":{"self":[{"href":"https:\/\/manobramaximarent.com\/en\/wp-json\/wp\/v2\/pages\/264","targetHints":{"allow":["GET"]}}],"collection":[{"href":"https:\/\/manobramaximarent.com\/en\/wp-json\/wp\/v2\/pages"}],"about":[{"href":"https:\/\/manobramaximarent.com\/en\/wp-json\/wp\/v2\/types\/page"}],"author":[{"embeddable":true,"href":"https:\/\/manobramaximarent.com\/en\/wp-json\/wp\/v2\/users\/2"}],"replies":[{"embeddable":true,"href":"https:\/\/manobramaximarent.com\/en\/wp-json\/wp\/v2\/comments?post=264"}],"version-history":[{"count":5,"href":"https:\/\/manobramaximarent.com\/en\/wp-json\/wp\/v2\/pages\/264\/revisions"}],"predecessor-version":[{"id":1233,"href":"https:\/\/manobramaximarent.com\/en\/wp-json\/wp\/v2\/pages\/264\/revisions\/1233"}],"wp:attachment":[{"href":"https:\/\/manobramaximarent.com\/en\/wp-json\/wp\/v2\/media?parent=264"}],"curies":[{"name":"wp","href":"https:\/\/api.w.org\/{rel}","templated":true}]}}