{"id":266,"date":"2021-12-16T00:00:07","date_gmt":"2021-12-16T00:00:07","guid":{"rendered":"https:\/\/impreza29.us-themes.com\/?page_id=266"},"modified":"2023-02-25T23:30:23","modified_gmt":"2023-02-25T23:30:23","slug":"contactos","status":"publish","type":"page","link":"https:\/\/manobramaximarent.com\/en\/contactos\/","title":{"rendered":"Contacts"},"content":{"rendered":"<section class=\"l-section wpb_row height_medium\"><div class=\"l-section-h i-cf\"><div class=\"g-cols vc_row via_flex valign_top type_default stacking_default\"><div class=\"vc_col-sm-12 wpb_column vc_column_container\"><div class=\"vc_column-inner\"><div class=\"wpb_wrapper\"><h1 class=\"w-text us_custom_eb849559\"><span class=\"w-text-h\"><span class=\"w-text-value\">Location<\/span><\/span><\/h1><\/div><\/div><\/div><\/div><\/div><\/section><section class=\"l-section wpb_row us_custom_b03640aa height_small\"><div class=\"l-section-h i-cf\"><div class=\"g-cols vc_row via_flex valign_top type_default reversed stacking_default\"><div class=\"vc_col-sm-6 wpb_column vc_column_container\"><div class=\"vc_column-inner\"><div class=\"wpb_wrapper\"><h4 class=\"w-text\"><span class=\"w-text-h\"><span class=\"w-text-value\">Do you have questions?<\/span><\/span><\/h4><div class=\"w-separator size_small\"><\/div><form class=\"w-form  layout_ver for_cform us_form_1\" autocomplete=\"off\" action=\"https:\/\/manobramaximarent.com\/en\/wp-json\/wp\/v2\/pages\/266\" method=\"post\" data-trp-original-action=\"https:\/\/manobramaximarent.com\/en\/wp-json\/wp\/v2\/pages\/266\"><div class=\"w-form-h\"><div class=\"w-form-row for_text required\">\r\n\t\t<div class=\"w-form-row-field\">\r\n\t\t\t\t\t\t<input aria-label=\"Enter your firstname\" type=\"text\" name=\"us_form_1_text_1\" value placeholder=\"Enter your name *\" data-required=\"true\" aria-required=\"true\"\/>\r\n\t\t\t<\/div>\r\n\t\t<div class=\"w-form-row-state\" data-no-translation=\"\" data-trp-gettext=\"\">Fill out this field<\/div>\r\n<\/div>\r\n<div class=\"w-form-row for_email required\">\r\n\t\t<div class=\"w-form-row-field\">\r\n\t\t\t\t\t\t<input aria-label=\"Insert your email\" type=\"email\" name=\"us_form_1_email_1\" value placeholder=\"Enter your email *\" data-required=\"true\" aria-required=\"true\"\/>\r\n\t\t\t<\/div>\r\n\t\t<div class=\"w-form-row-state\" data-no-translation=\"\" data-trp-gettext=\"\">Por favor insira um endere\u00e7o de email v\u00e1lido.<\/div>\r\n<\/div>\r\n<div class=\"w-form-row for_textarea required\">\r\n\t\t<div class=\"w-form-row-field\">\r\n\t\t\t\t\t\t<textarea aria-label=\"Enter your message\" name=\"us_form_1_textarea_1\" placeholder=\"Enter your message *\" data-required=\"true\" aria-required=\"true\"><\/textarea>\r\n\t\t\t<\/div>\r\n\t\t<div class=\"w-form-row-state\" data-no-translation=\"\" data-trp-gettext=\"\">Fill out this field<\/div>\r\n<\/div>\r\n<div class=\"w-form-row for_checkboxes required\">\r\n\t\t<div class=\"w-form-row-field\">\r\n\t\t\t\t\t<label>\r\n\t\t\t\t<input type=\"checkbox\" class=\"screen-reader-text\" name=\"us_form_1_checkboxes_1[]\" data-required=\"true\" value=\"Li, compreendi e aceito a Pol\u00edtica de Privacidade\"\/>\r\n\t\t\t\t<span class=\"w-form-checkbox\"><\/span>\r\n\t\t\t\t<span>I have read, understood and accept the Privacy Policy<\/span>\r\n\t\t\t<\/label>\r\n\t\t\t\t<\/div>\r\n\t\t<div class=\"w-form-row-state\" data-no-translation=\"\" data-trp-gettext=\"\">Select an option<\/div>\r\n<\/div>\r\n<input type=\"hidden\" name=\"action\" value=\"us_ajax_cform\" \/>\r\n<input type=\"hidden\" name=\"post_id\" value=\"0\" \/>\r\n<input type=\"hidden\" name=\"form_index\" value=\"1\" \/>\r\n<div class=\"w-form-row for_submit width_full\">\r\n\t<div class=\"w-form-row-field\">\r\n\t\t<button class=\"w-btn  us-btn-style_2\" aria-label=\"Send Message\" type=\"submit\">\r\n\t\t\t<span class=\"g-preloader type_1\"><\/span>\r\n\t\t\t\t\t\t<span class=\"w-btn-label\">Send Message<\/span>\r\n\t\t\t\t\t<\/button>\r\n\t<\/div>\r\n<\/div>\r\n<\/div><div class=\"w-form-message\"><\/div><div class=\"w-form-json hidden\" onclick='return {&quot;ajaxurl&quot;:&quot;https:\\\/\\\/manobramaximarent.com\\\/wp-admin\\\/admin-ajax.php&quot;,&quot;messages&quot;:{&quot;err_empty&quot;:&quot;Fill out this field&quot;,&quot;err_size&quot;:&quot;File size cannot exceed %s MB&quot;,&quot;err_extension&quot;:&quot;%s file type is not allowed&quot;}}' data-no-translation-onclick=\"\"><\/div><input type=\"hidden\" name=\"trp-form-language\" value=\"en\"\/><\/form><\/div><\/div><\/div><div class=\"vc_col-sm-6 wpb_column vc_column_container\"><div class=\"vc_column-inner\"><div class=\"wpb_wrapper\"><h4 class=\"w-text\"><span class=\"w-text-h\"><span class=\"w-text-value\">Stand Manobra M\u00e1xima<\/span><\/span><\/h4><div class=\"w-separator size_small\"><\/div><div class=\"w-iconbox us_custom_1e0e9307 iconpos_left style_default color_contrast align_left\"><div class=\"w-iconbox-icon\" style=\"font-size:20px;\"><i class=\"fal fa-map-marker-alt\"><\/i><\/div><div class=\"w-iconbox-meta\"><div class=\"w-iconbox-title\">EN 125 &#8211; Po\u00e7o das Canas km 69<\/div><div class=\"w-iconbox-text\"><p>(100m from CC AlgarveShopping in Guia)<\/p>\n<\/div><\/div><\/div><div class=\"w-separator size_custom\" style=\"height:12px\"><\/div><div class=\"w-iconbox us_custom_1e0e9307 iconpos_left style_default color_contrast align_left no_text\"><div class=\"w-iconbox-icon\" style=\"font-size:20px;\"><i class=\"fal fa-clock\"><\/i><\/div><div class=\"w-iconbox-meta\"><div class=\"w-iconbox-title\">09:00 \u2013 19:00<\/div><\/div><\/div><div class=\"w-separator size_custom\" style=\"height:12px\"><\/div><div class=\"w-iconbox us_custom_1e0e9307 iconpos_left style_default color_contrast align_left no_text\"><a href=\"tel:00351289516860\" class=\"w-iconbox-link\" aria-label=\"+351 289 516 860\"><div class=\"w-iconbox-icon\" style=\"font-size:20px;\"><i class=\"fal fa-phone\"><\/i><\/div><\/a><div class=\"w-iconbox-meta\"><a href=\"tel:00351289516860\" class=\"w-iconbox-link\" aria-label=\"+351 289 516 860\"><div class=\"w-iconbox-title\">+351 289 516 860<\/div><\/a><\/div><\/div><div class=\"w-separator size_custom\" style=\"height:12px\"><\/div><div class=\"w-iconbox us_custom_1e0e9307 iconpos_left style_default color_contrast align_left no_text\"><a href=\"tel:00351962353394\" class=\"w-iconbox-link\" aria-label=\"+351 962 353 394\"><div class=\"w-iconbox-icon\" style=\"font-size:20px;\"><i class=\"fal fa-mobile\"><\/i><\/div><\/a><div class=\"w-iconbox-meta\"><a href=\"tel:00351962353394\" class=\"w-iconbox-link\" aria-label=\"+351 962 353 394\"><div class=\"w-iconbox-title\">+351 962 353 394<\/div><\/a><\/div><\/div><div class=\"w-separator size_custom\" style=\"height:12px\"><\/div><div class=\"w-iconbox us_custom_1e0e9307 iconpos_left style_default color_contrast align_left no_text\"><a href=\"tel:00351968369768\" class=\"w-iconbox-link\" aria-label=\"+351 968 369 768\"><div class=\"w-iconbox-icon\" style=\"font-size:20px;\"><i class=\"fal fa-mobile\"><\/i><\/div><\/a><div class=\"w-iconbox-meta\"><a href=\"tel:00351968369768\" class=\"w-iconbox-link\" aria-label=\"+351 968 369 768\"><div class=\"w-iconbox-title\">+351 968 369 768<\/div><\/a><\/div><\/div><div class=\"w-separator size_custom\" style=\"height:12px\"><\/div><div class=\"w-iconbox us_custom_1e0e9307 iconpos_left style_default color_contrast align_left no_text\"><a href=\"mailto:manobramaxima@gmail.com\" class=\"w-iconbox-link\" aria-label=\"manobramaxima@gmail.com\"><div class=\"w-iconbox-icon\" style=\"font-size:20px;\"><i class=\"fal fa-envelope\"><\/i><\/div><\/a><div class=\"w-iconbox-meta\"><a href=\"mailto:manobramaxima@gmail.com\" class=\"w-iconbox-link\" aria-label=\"manobramaxima@gmail.com\"><div class=\"w-iconbox-title\">manobramaxima@gmail.com<\/div><\/a><\/div><\/div><\/div><\/div><\/div><\/div><\/div><\/section><section class=\"l-section wpb_row height_auto width_full\"><div class=\"l-section-h i-cf\"><div class=\"g-cols vc_row via_flex valign_top type_default stacking_default\"><div class=\"vc_col-sm-12 wpb_column vc_column_container\"><div class=\"vc_column-inner\"><div class=\"wpb_wrapper\"><div class=\"w-map provider_osm us_custom_cfdf64d4\" id=\"us_map_1\"><div class=\"w-map-json\" onclick='return {&quot;address&quot;:&quot;37.128748711484015, -8.271338715691616&quot;,&quot;zoom&quot;:15,&quot;hideControls&quot;:1,&quot;disableZoom&quot;:1,&quot;disableDragging&quot;:0,&quot;markers&quot;:[{&quot;address&quot;:&quot;37.128748711484015, -8.271338715691616&quot;,&quot;html&quot;:&quot;Stand Manobra M\\u00e1xima&quot;,&quot;infowindow&quot;:&quot;1&quot;}],&quot;style&quot;:&quot;https:\\\/\\\/stamen-tiles-{s}.a.ssl.fastly.net\\\/toner-lite\\\/{z}\\\/{x}\\\/{y}{r}.png&quot;}'><\/div><\/div><\/div><\/div><\/div><\/div><\/div><\/section>","protected":false},"excerpt":{"rendered":"Localiza\u00e7\u00e3oTem d\u00favidas? Fill out this field Por favor insira um endere\u00e7o de email v\u00e1lido. Fill out this field I have read, understood and accept the Privacy Policy Select an option Enviar Mensagem Stand Manobra M\u00e1ximaEN 125 &#8211; Po\u00e7o das Canas km 69(100m do CC AlgarveShopping na Guia) 09:00 \u2013 19:00+351 289 516...","protected":false},"author":2,"featured_media":0,"parent":0,"menu_order":0,"comment_status":"closed","ping_status":"closed","template":"","meta":{"footnotes":""},"class_list":["post-266","page","type-page","status-publish","hentry"],"acf":[],"_links":{"self":[{"href":"https:\/\/manobramaximarent.com\/en\/wp-json\/wp\/v2\/pages\/266","targetHints":{"allow":["GET"]}}],"collection":[{"href":"https:\/\/manobramaximarent.com\/en\/wp-json\/wp\/v2\/pages"}],"about":[{"href":"https:\/\/manobramaximarent.com\/en\/wp-json\/wp\/v2\/types\/page"}],"author":[{"embeddable":true,"href":"https:\/\/manobramaximarent.com\/en\/wp-json\/wp\/v2\/users\/2"}],"replies":[{"embeddable":true,"href":"https:\/\/manobramaximarent.com\/en\/wp-json\/wp\/v2\/comments?post=266"}],"version-history":[{"count":10,"href":"https:\/\/manobramaximarent.com\/en\/wp-json\/wp\/v2\/pages\/266\/revisions"}],"predecessor-version":[{"id":1278,"href":"https:\/\/manobramaximarent.com\/en\/wp-json\/wp\/v2\/pages\/266\/revisions\/1278"}],"wp:attachment":[{"href":"https:\/\/manobramaximarent.com\/en\/wp-json\/wp\/v2\/media?parent=266"}],"curies":[{"name":"wp","href":"https:\/\/api.w.org\/{rel}","templated":true}]}}