{"id":921,"date":"2022-07-22T16:37:42","date_gmt":"2022-07-22T15:37:42","guid":{"rendered":"https:\/\/manobramaximarent.com\/?page_id=921"},"modified":"2022-10-26T18:51:43","modified_gmt":"2022-10-26T17:51:43","slug":"termos-e-condicoes","status":"publish","type":"page","link":"https:\/\/manobramaximarent.com\/en\/termos-e-condicoes\/","title":{"rendered":"Termos &amp; Conditions"},"content":{"rendered":"<h4><strong>TERMOS &amp; CONDI\u00c7\u00d5ES<\/strong><\/h4>\n<p>A Manobra M\u00e1xima \u00e9 uma companhia limitada registada em Portugal, cuja morada sita Estrada Nacional 125 Caixa Postal 570\u00aa km 69, 8200-564, Ferreiras &#8211; Albufeira.<\/p>\n<p>Estes termos e condi\u00e7\u00f5es, em conjunto com os termos e condi\u00e7\u00f5es de uso, pol\u00edtica de privacidade e pol\u00edtica de seguran\u00e7a, constituem o nosso acordo consigo quanto aos servi\u00e7os que providenciamos no que toca ao fornecimento do ve\u00edculo.<\/p>\n<p>Todos estes elementos formam os nossos termos. Estes termos aplicam-se a todos os contratos dos nossos servi\u00e7os excluindo quaisquer outros termos e condi\u00e7\u00f5es.<\/p>\n<p>A aceita\u00e7\u00e3o dos nossos servi\u00e7os, ou assinatura em qualquer acordo, ser\u00e1 considerada como prova conclusiva de aceita\u00e7\u00e3o destes termos.<\/p>\n<p>A Manobra M\u00e1xima poder\u00e1 alterar os termos, por isso aconselhamos que consulte o nosso site regularmente para verificar quaisquer eventuais altera\u00e7\u00f5es que possam afetar o seu aluguer.<\/p>\n<p>Estes termos aplicam-se a qualquer reserva que seja feita por n\u00f3s ou atrav\u00e9s do nosso site, por este motivo dever\u00e1 assegurar-se que est\u00e1 familiarizado com o seu conte\u00fado.<\/p>\n<p>Os nossos termos e condi\u00e7\u00f5es cont\u00eam algumas exclus\u00f5es e limita\u00e7\u00f5es de responsabilidade.<\/p>\n<p>As reservas de viaturas neste website est\u00e3o condicionadas a aceita\u00e7\u00e3o dos nossos termos por parte dos nossos clientes. Se n\u00e3o estiver de acordo com qualquer parte dos termos &amp; condi\u00e7\u00f5es n\u00e3o dever\u00e1 prosseguir com a sua reserva. Ao confirmar a sua reserva indica que leu, entendeu e aceitou os nossos termos e condi\u00e7\u00f5es. Se tiver alguma d\u00favida ou quest\u00e3o sobre o aluguer de ve\u00edculos ou outro produto queira por favor entrar em contacto com a nossa central de reservas atrav\u00e9s do n\u00famero <a href=\"tel:00351962353394\">00351 962 353 394<\/a> ou via email para <a href=\"mailto:manobramaxima@gmail.com\">manobramaxima@gmail.com<\/a>.<\/p>\n<p>Na maior parte dos casos o ve\u00edculo solicitado estar\u00e1 dispon\u00edvel. Quando decidir alugar um ve\u00edculo ou outro produto atrav\u00e9s deste site pelo pre\u00e7o sugerido, o seu pedido poder\u00e1 ser aceite dentro de 48 horas ap\u00f3s o envio do mesmo (ou at\u00e9 1 dia antes da chegada, se n\u00e3o antes). Se o seu pedido tiver sido aceite enviamos-lhe um e-mail com a confirma\u00e7\u00e3o da reserva (Voucher de Confirma\u00e7\u00e3o). Por favor tenha em aten\u00e7\u00e3o que n\u00e3o ter\u00e1 qualquer contrato de aluguer ao pre\u00e7o oferecido at\u00e9 que se confirme a sua reserva e o pagamento da mesma tenha sido efetuado. Se tiver qualquer d\u00favida ou quest\u00e3o que deseje esclarecer queira por favor entrar em contacto connosco.<\/p>\n<p>\u00c9 obrigat\u00f3rio e imprescind\u00edvel a apresenta\u00e7\u00e3o de cart\u00e3o de cr\u00e9dito Visa ou MasterCard para efeitos de reserva e levantamento da viatura em nome do condutor principal.<\/p>\n<p>Para pagamento s\u00e3o ainda aceites os cart\u00f5es:<\/p>\n<ul>\n<li>Visa (online e presencial)<\/li>\n<li>MasterCard (online e presencial)<\/li>\n<li>Multibanco (online e presencial)<\/li>\n<li>Dinners (presencial)<\/li>\n<li>Discover (presencial)<\/li>\n<li>JCB (presencial)<\/li>\n<li>Union Pay International (presencial)<\/li>\n<\/ul>\n<p>A Manobra M\u00e1xima n\u00e3o se responsabiliza por pessoas que conduzam a viatura sob influ\u00eancia de \u00e1lcool\/drogas, causem danos volunt\u00e1rios, ou conduzam o ve\u00edculo fora de vias reconhecidas sem o devido cuidado e aten\u00e7\u00e3o. O contratante aceitar\u00e1 responsabilidade total nos casos acima apresentados.<\/p>\n<p><strong>What's included in the price?<\/strong><\/p>\n<p>Os pre\u00e7os n\u00e3o incluem quilometragem ilimitada, seguro CDW (leia detalhes mais abaixo), seguro a terceiros, isen\u00e7\u00e3o de responsabilidade em caso de roubo, impostos locais e taxas de aeroporto (quando especificadas).<\/p>\n<p><strong>CDW<\/strong><\/p>\n<p>O seguro CDW reduz a responsabilidade do contratante sobre o custo total do dano, a uma franquia aplic\u00e1vel localmente, a menos que o pr\u00f3prio cause os danos intencionalmente, estando sob influ\u00eancia de \u00e1lcool\/drogas, ou utilize o ve\u00edculo de maneira proibida ou negligente, como por exemplo, conduzindo fora das vias principais, ou emprestando o carro a outros condutores n\u00e3o inclu\u00eddos no aluguer, ou devidamente qualificados. O seguro CDW cobre a responsabilidade por danos no ve\u00edculo, assim como as suas pe\u00e7as e acess\u00f3rios. Os para-brisas, os pneus, a parte debaixo da viatura, as perdas de chaves, taxas por reboque e multas, n\u00e3o est\u00e3o cobertos pela ap\u00f3lice. Outras exclus\u00f5es podem aplicar-se mediante as circunst\u00e2ncias.<\/p>\n<p><strong>Isen\u00e7\u00e3o de Responsabilidade em Caso de Furto<\/strong><\/p>\n<p>(TW) Reduz a responsabilidade do contratante em caso de furto, danos causados por furto ou tentativa de furto do ve\u00edculo a uma franquia, quando aplic\u00e1vel localmente. Neglig\u00eancia relacionada com o furto do ve\u00edculo poder\u00e1 levar \u00e0 cobran\u00e7a do valor total do custo da viatura.<\/p>\n<p><strong>O que n\u00e3o est\u00e1 inclu\u00eddo no pre\u00e7o?<\/strong><\/p>\n<p>O combust\u00edvel, o seguro pessoal de acidentes, os artigos a aguardar confirma\u00e7\u00e3o especial, a franquia do seguro (a menos que se especifique no seu voucher que tal j\u00e1 se encontra inclu\u00eddo), taxas por levantamento fora de horas, oficina, multas de tr\u00e2nsito e de estacionamento, taxas de congestionamento, condutores adicionais (a menos que haja indica\u00e7\u00e3o em contr\u00e1rio no seu voucher) e condutores jovens, se for o caso. Todos estes dever\u00e3o ser pagos localmente. Existe a possibilidade de contratar uma cobertura de franquia opcional para reduzir ou eliminar a responsabilidade do contratante (franquia). \u00c9 poss\u00edvel tamb\u00e9m solicitar um servi\u00e7o adicional para conduzir fora do pa\u00eds de origem do aluguer do ve\u00edculo. Os artigos e taxas a pagar localmente est\u00e3o sujeitos a impostos.<\/p>\n<p><strong>Taxa por Levantamento Fora de Horas<\/strong><\/p>\n<p>A Manobra M\u00e1xima oferece um servi\u00e7o fora do hor\u00e1rio normal de expediente (servi\u00e7o 24 horas). Existe uma taxa aplicada para esse servi\u00e7o, que ser\u00e1 paga ao balc\u00e3o quando o mesmo n\u00e3o for solicitado no acto de reserva online.<\/p>\n<p>Taxa aplicada para o servi\u00e7o de fora de horas tem um custo de 20,00\u20ac por servi\u00e7o.<\/p>\n<p><strong>Limite M\u00ednimo\/M\u00e1ximo de Idade<\/strong><\/p>\n<p>A idade m\u00ednima para aluguer de viatura \u00e9 de 18 anos de idade.<\/p>\n<p>Existem taxas aplicadas a idades compreendidas entre os 18-23 anos de idade.<\/p>\n<p>A idade m\u00e1xima \u00e9 de 90 anos de idade.<\/p>\n<p><strong>Additional Driver<\/strong><\/p>\n<p>Existe uma taxa aplicada para condutor adicional.<\/p>\n<p>O valor da taxa \u00e9 de 7,50\u20ac (IVA Inclu\u00eddo) por condutor. Taxa aplicada por aluguer.<\/p>\n<p><strong>Tarifas di\u00e1rias \/ Per\u00edodos de Aluguer \/ Per\u00edodo de Extens\u00f5es<\/strong><\/p>\n<p>O pre\u00e7o do seu aluguer ser\u00e1 confirmado no momento da reserva, que tem como base per\u00edodos de 24 horas. Se pretender estender a sua reserva ap\u00f3s levantamento da viatura, ou entreg\u00e1-la ap\u00f3s a data e hora estipuladas, ser\u00e1 cobrada a tarifa di\u00e1ria, que pode ser mais elevada do que a praticada na altura que a reserva foi efetuada.<\/p>\n<p><strong>Entregas e Recolhas posteriores e anteriores \u00e0 data estipulada<\/strong><\/p>\n<p>O seu aluguer tem in\u00edcio e t\u00e9rmino de acordo com os detalhes de entrega e recolha estipulados no seu voucher. N\u00e3o existe reembolso caso a devolu\u00e7\u00e3o da viatura seja anterior ao estipulado no voucher, bem como se a entrega da viatura for posterior \u00e0 data e hora. Caso n\u00e3o seja poss\u00edvel o levantamento da viatura \u00e0 data prevista, deve entrar em contacto com a Manobra M\u00e1xima o mais breve poss\u00edvel. Caso contr\u00e1rio, n\u00e3o existe garantia de que o ve\u00edculo continuar\u00e1 dispon\u00edvel, e n\u00e3o existe reembolso nestes casos.<\/p>\n<p><strong>Cadeiras Auto e outros Extras<\/strong><\/p>\n<p>As Cadeiras Auto e outros extras est\u00e3o dispon\u00edveis para aluguer mediante pedido pr\u00e9vio (limitado ao stock existente), e sujeitos a um pagamento.<\/p>\n<p>Em Portugal a lei exige a utiliza\u00e7\u00e3o de cadeiras auto at\u00e9 aos 10 anos de idade.<\/p>\n<p><strong>Extens\u00e3o territorial:<\/strong><\/p>\n<p>\u00c9 aplicada a restri\u00e7\u00e3o de condu\u00e7\u00e3o do ve\u00edculo alugado fora de Portugal. Para tal dever\u00e1 selecionar a op\u00e7\u00e3o de Sa\u00edda para Espanha quando efetuar a reserva.<\/p>\n<p>Ser\u00e1 aplicada uma taxa para esse efeito, bem como documenta\u00e7\u00e3o adicional.<\/p>\n<p><strong>Altera\u00e7\u00e3o de Reserva:<\/strong><\/p>\n<p>N\u00e3o ser\u00e3o cobradas altera\u00e7\u00f5es na sua reserva, anteriores ao levantamento da viatura, que n\u00e3o alterem o teor da mesma. Caso existam altera\u00e7\u00f5es de reserva na dura\u00e7\u00e3o e tipo de viatura poder\u00e1 existir aumento de pre\u00e7o.<\/p>\n<p>Para cancelar a sua reserva deve fazer o login na sec\u00e7\u00e3o Altera\u00e7\u00e3o\/ Cancelamento de reserva.<\/p>\n<p><strong>Carta de Condu\u00e7\u00e3o<\/strong><\/p>\n<p>O nosso Apoio ao Cliente deve ser informado de qualquer contraordena\u00e7\u00e3o impeditiva de Condu\u00e7\u00e3o no acto da reserva.<\/p>\n<p>A Manobra M\u00e1xima reserva-se ao direito de recusar\/cancelar qualquer aluguer de ve\u00edculo nessas circunst\u00e2ncias.<\/p>\n<p>Todos os condutores da viatura devem estar mencionados no contrato de aluguer e ter em sua posse os documentos necess\u00e1rios \u00e0 Condu\u00e7\u00e3o (carta de condu\u00e7\u00e3o, cart\u00e3o de cidad\u00e3o e \/ ou passaporte) sob pena de auto por parte das autoridades policiais.<\/p>\n<p>Note que uma carta de Condu\u00e7\u00e3o Internacional n\u00e3o substitui a carta de Condu\u00e7\u00e3o regular: a carta de condu\u00e7\u00e3o \u00e9 obrigat\u00f3ria e imprescind\u00edvel para aluguer de ve\u00edculo.<\/p>\n<p><strong>Grupo de viatura<\/strong><\/p>\n<p>A Manobra M\u00e1xima n\u00e3o garante a marca e modelo espec\u00edfico do ve\u00edculo reservado. O carro apresentado em site \u00e9 simplesmente um exemplo e pode ser providenciado um ve\u00edculo diferente de gama similar ou superior.<\/p>\n<p><strong>Ve\u00edculos Providenciados<\/strong><\/p>\n<p>A Manobra M\u00e1xima reserva-se ao direito de recusar a entrega de um ve\u00edculo a clientes considerados n\u00e3o aptos para a condu\u00e7\u00e3o ou que n\u00e3o apresentem os requisitos necess\u00e1rios para o efeito.<\/p>\n<p>A Manobra M\u00e1xima n\u00e3o \u00e9 respons\u00e1vel por reembolso ou perda de reserva de viagens, hot\u00e9is ou outros custos e planos resultantes nesta situa\u00e7\u00e3o.<\/p>\n<p><strong>Reclama\u00e7\u00f5es<\/strong><\/p>\n<p>Se ficar insatisfeito com o aluguer e deseja formalizar o seu desagrado deve contactar o Servi\u00e7o de Apoio ao cliente at\u00e9 um prazo de 3 meses ap\u00f3s devolu\u00e7\u00e3o da viatura.<\/p>\n<p><strong>Avarias Mec\u00e2nicas\/ Acidentes<\/strong><\/p>\n<p>Em caso de avaria mec\u00e2nica deve contactar a Manobra M\u00e1xima. Se estiver envolvido num acidente, deve contactar a pol\u00edcia e a Manobra M\u00e1xima. Deve deter em sua posse qualquer documenta\u00e7\u00e3o que preencha.<\/p>\n<p>O aluguer de ve\u00edculo est\u00e1 sujeito aos termos e condi\u00e7\u00f5es da Manobra M\u00e1xima, e das leis portuguesas.<\/p>\n<p>A Manobra M\u00e1xima n\u00e3o \u00e9 respons\u00e1vel por qualquer perda, dano, altera\u00e7\u00e3o ou atrasos resultantes de greves nos aeroportos, cancelamento de voos, condi\u00e7\u00f5es climat\u00e9ricas adversas, atividades terroristas\u2026<\/p>\n<p><strong>Reservas de Ve\u00edculo e outros produtos<\/strong><\/p>\n<p>Se deseja efetuar reserva de ve\u00edculo ou pedido de produtos, ou servi\u00e7os descritos no nosso website, ser-lhe-\u00e1 requisitada informa\u00e7\u00e3o pessoal para efetivar a sua reserva &#8211; tais como informa\u00e7\u00e3o de cart\u00e3o de cr\u00e9dito, dados de carta de Condu\u00e7\u00e3o e documento de Identifica\u00e7\u00e3o pessoal.<\/p>\n<p>Qualquer informa\u00e7\u00e3o por si disponibilizada ser\u00e1 tratada de acordo com o descrito na nossa pol\u00edtica de privacidade.<\/p>\n<p>Concorda que todos os dados por si disponibilizados correspondem \u00e0 verdade e est\u00e3o completos. Concorda com o pagamento da reserva, e qualquer extra requisitado no acto da reserva e taxas aplicadas aos seus pedidos.<\/p>\n<p>Os dados por si disponibilizados est\u00e3o sujeitos a verifica\u00e7\u00e3o anteriores \u00e0 sua aceita\u00e7\u00e3o para efeitos de reserva, pedido ou pagamento.<\/p>\n<p>Concorda que as reservas, extras e servi\u00e7os est\u00e3o sujeitos a termos e condi\u00e7\u00f5es adicionais impostos pela Manobra M\u00e1xima.<\/p>\n<p><strong>Condi\u00e7\u00f5es de Uso do Website<\/strong><\/p>\n<p>\u00c9 proibido o uso de qualquer software que interaja diretamente ou indiretamente com o nosso website, interferindo com o seu funcionamento normal. Qualquer atividade que sobrecarregue os nossos sistemas ser\u00e1 terminada.<\/p>\n<p>Monitorizamos qualquer acesso ao nosso website bem como qualquer utiliza\u00e7\u00e3o excessiva do sistema automatizado, bloqueando permanentemente o utilizador \/ IP dos nossos sistemas.<\/p>\n<p>O uso do website indica a sua concord\u00e2ncia com as condi\u00e7\u00f5es de utiliza\u00e7\u00e3o.<\/p>\n<p><strong>Prote\u00e7\u00e3o de Dados<\/strong><\/p>\n<p>A sua privacidade \u00e9 importante para n\u00f3s.<\/p>\n<p>Ao aceder ao site aceita os nossos termos de pol\u00edtica de privacidade bem como ao acesso \u00e0 informa\u00e7\u00e3o pessoal por si fornecida para uso da Manobra M\u00e1xima no envio de e-mails promocionais e ofertas especiais.<\/p>\n<p><strong>Sugest\u00f5es dos clientes<\/strong><\/p>\n<p>As sugest\u00f5es dos clientes ser\u00e3o disponibilizadas no nosso website com o \u00fanico prop\u00f3sito de informar os seus utilizadores da sua opini\u00e3o sobre os servi\u00e7os e qualidade da Manobra M\u00e1xima.<\/p>\n<p>Reservamo-nos ao direito de recusar ou remover qualquer coment\u00e1rio que n\u00e3o se enquadre dentro do \u00e2mbito permitido.<\/p>","protected":false},"excerpt":{"rendered":"<p>TERMOS &amp; CONDI\u00c7\u00d5ES A Manobra M\u00e1xima \u00e9 uma companhia limitada registada em Portugal, cuja morada sita Estrada Nacional 125 Caixa Postal 570\u00aa km 69, 8200-564, Ferreiras &#8211; Albufeira. Estes termos e condi\u00e7\u00f5es, em conjunto com os termos e condi\u00e7\u00f5es de uso, pol\u00edtica de privacidade e pol\u00edtica de seguran\u00e7a, constituem o nosso acordo consigo quanto aos&#8230;<\/p>","protected":false},"author":2,"featured_media":0,"parent":0,"menu_order":0,"comment_status":"closed","ping_status":"closed","template":"","meta":{"footnotes":""},"class_list":["post-921","page","type-page","status-publish","hentry"],"acf":[],"_links":{"self":[{"href":"https:\/\/manobramaximarent.com\/en\/wp-json\/wp\/v2\/pages\/921","targetHints":{"allow":["GET"]}}],"collection":[{"href":"https:\/\/manobramaximarent.com\/en\/wp-json\/wp\/v2\/pages"}],"about":[{"href":"https:\/\/manobramaximarent.com\/en\/wp-json\/wp\/v2\/types\/page"}],"author":[{"embeddable":true,"href":"https:\/\/manobramaximarent.com\/en\/wp-json\/wp\/v2\/users\/2"}],"replies":[{"embeddable":true,"href":"https:\/\/manobramaximarent.com\/en\/wp-json\/wp\/v2\/comments?post=921"}],"version-history":[{"count":3,"href":"https:\/\/manobramaximarent.com\/en\/wp-json\/wp\/v2\/pages\/921\/revisions"}],"predecessor-version":[{"id":1163,"href":"https:\/\/manobramaximarent.com\/en\/wp-json\/wp\/v2\/pages\/921\/revisions\/1163"}],"wp:attachment":[{"href":"https:\/\/manobramaximarent.com\/en\/wp-json\/wp\/v2\/media?parent=921"}],"curies":[{"name":"wp","href":"https:\/\/api.w.org\/{rel}","templated":true}]}}